{"id":31,"date":"2022-07-13T11:27:23","date_gmt":"2022-07-13T11:27:23","guid":{"rendered":"https:\/\/events.bcamath.org\/nmst\/?page_id=31"},"modified":"2023-01-04T12:28:09","modified_gmt":"2023-01-04T12:28:09","slug":"speakers","status":"publish","type":"page","link":"https:\/\/events.bcamath.org\/nmst\/speakers\/","title":{"rendered":"Events"},"content":{"rendered":"\t\t<div data-elementor-type=\"wp-page\" data-elementor-id=\"31\" class=\"elementor elementor-31\" data-elementor-settings=\"[]\">\n\t\t\t\t\t\t\t<div class=\"elementor-section-wrap\">\n\t\t\t\t\t\t\t<section class=\"elementor-section elementor-top-section elementor-element elementor-element-c112c79 elementor-section-boxed elementor-section-height-default elementor-section-height-default\" data-id=\"c112c79\" data-element_type=\"section\">\n\t\t\t\t\t\t<div class=\"elementor-container elementor-column-gap-default\">\n\t\t\t\t\t<div class=\"elementor-column elementor-col-100 elementor-top-column elementor-element elementor-element-c62af03\" data-id=\"c62af03\" data-element_type=\"column\">\n\t\t\t<div class=\"elementor-widget-wrap elementor-element-populated\">\n\t\t\t\t\t\t\t\t<div class=\"elementor-element elementor-element-b4d1fcc elementor-widget elementor-widget-heading\" data-id=\"b4d1fcc\" data-element_type=\"widget\" data-widget_type=\"heading.default\">\n\t\t\t\t<div class=\"elementor-widget-container\">\n\t\t\t<h2 class=\"elementor-heading-title elementor-size-default\">Events<\/h2>\t\t<\/div>\n\t\t\t\t<\/div>\n\t\t\t\t\t<\/div>\n\t\t<\/div>\n\t\t\t\t\t\t\t<\/div>\n\t\t<\/section>\n\t\t\t\t<section class=\"elementor-section elementor-top-section elementor-element elementor-element-1a02077 elementor-section-boxed elementor-section-height-default elementor-section-height-default\" data-id=\"1a02077\" data-element_type=\"section\">\n\t\t\t\t\t\t<div class=\"elementor-container elementor-column-gap-default\">\n\t\t\t\t\t<div class=\"elementor-column elementor-col-100 elementor-top-column elementor-element elementor-element-0b4d445\" data-id=\"0b4d445\" data-element_type=\"column\">\n\t\t\t<div class=\"elementor-widget-wrap elementor-element-populated\">\n\t\t\t\t\t\t\t\t<div class=\"elementor-element elementor-element-2f5ae20 elementor-widget elementor-widget-text-editor\" data-id=\"2f5ae20\" data-element_type=\"widget\" data-widget_type=\"text-editor.default\">\n\t\t\t\t<div class=\"elementor-widget-container\">\n\t\t\t\t\t\t\t<ul class=\"list_star\"><li><a href=\"http:\/\/www.bcamath.org\/en\/workshops\/bcam-upv-ehu-graduate-school-geometry\">BCAM-UPV\/EHU Graduate School: Introduction To Geometric Analysis: The Atiyah-Singer Index Theorem<\/a> <br \/><strong>Date and location:<\/strong> June 5th, 2017. BCAM-Basque Center for Applied Mathematics, Bilbao (Spain) <br \/><strong>Speakers:<\/strong> Enrique Artal, Laurent Bessieres, Pedro Caro, Javier F\u00e9rnandez de Bobadilla, Vicente Mu\u00f1oz, Carlos P\u00e9rez<\/li><li><a href=\"hhttps:\/\/sites.google.com\/site\/cimpatorico2016\/\">CIMPA-ICTP School on Toric Methods in Geometry, Arithmetic and Dynamics<\/a> <br \/><strong>Date and location:<\/strong>January 11-22, 2016. Pontificia Universidad Cat\u00f3lica de Chile, Santiago (Chile) <br \/><strong>Speakers:<\/strong> Michela Artebani,\u00a0Jos\u00e9 Ignacio Burgos, Mori Dream Spaces, Ana-Maria Castravet, Javier Elizondo, Javier Fern\u00e1ndez de Bobadilla, Pedro Gonz\u00e1lez-P\u00e9rez,\u00a0Antonio Laface, \u00c1lvaro Liendo,\u00a0Jenia Tevelev\u00a0and Nelly Villamizar.<\/li><\/ul>\t\t\t\t\t\t<\/div>\n\t\t\t\t<\/div>\n\t\t\t\t\t<\/div>\n\t\t<\/div>\n\t\t\t\t\t\t\t<\/div>\n\t\t<\/section>\n\t\t\t\t<section class=\"elementor-section elementor-top-section elementor-element elementor-element-3a6c63a elementor-section-boxed elementor-section-height-default elementor-section-height-default\" data-id=\"3a6c63a\" data-element_type=\"section\">\n\t\t\t\t\t\t<div class=\"elementor-container elementor-column-gap-default\">\n\t\t\t\t\t<div class=\"elementor-column elementor-col-100 elementor-top-column elementor-element elementor-element-b1ac701\" data-id=\"b1ac701\" data-element_type=\"column\">\n\t\t\t<div class=\"elementor-widget-wrap elementor-element-populated\">\n\t\t\t\t\t\t\t\t<div class=\"elementor-element elementor-element-425100b elementor-widget elementor-widget-heading\" data-id=\"425100b\" data-element_type=\"widget\" data-widget_type=\"heading.default\">\n\t\t\t\t<div class=\"elementor-widget-container\">\n\t\t\t<h2 class=\"elementor-heading-title elementor-size-default\">Seminars<\/h2>\t\t<\/div>\n\t\t\t\t<\/div>\n\t\t\t\t\t<\/div>\n\t\t<\/div>\n\t\t\t\t\t\t\t<\/div>\n\t\t<\/section>\n\t\t\t\t<section class=\"elementor-section elementor-top-section elementor-element elementor-element-c2768d0 elementor-section-boxed elementor-section-height-default elementor-section-height-default\" data-id=\"c2768d0\" data-element_type=\"section\">\n\t\t\t\t\t\t<div class=\"elementor-container elementor-column-gap-default\">\n\t\t\t\t\t<div class=\"elementor-column elementor-col-100 elementor-top-column elementor-element elementor-element-5e4f1b1\" data-id=\"5e4f1b1\" data-element_type=\"column\">\n\t\t\t<div class=\"elementor-widget-wrap elementor-element-populated\">\n\t\t\t\t\t\t\t\t<div class=\"elementor-element elementor-element-1aeb3f8 elementor-widget elementor-widget-text-editor\" data-id=\"1aeb3f8\" data-element_type=\"widget\" data-widget_type=\"text-editor.default\">\n\t\t\t\t<div class=\"elementor-widget-container\">\n\t\t\t\t\t\t\t<div class=\"column mcb-column mcb-item-56766ef8d one column_column\"><div class=\"column_attr clearfix animate\" data-anim-type=\"bounceIn\"><ul class=\"list_star\"><li><a href=\"http:\/\/www.bcamath.org\/en\/research\/lines\/STAG\/activities\">Weekly BCAM Working Seminar MP (STAG)<\/a><\/li><\/ul><\/div><\/div>\t\t\t\t\t\t<\/div>\n\t\t\t\t<\/div>\n\t\t\t\t\t<\/div>\n\t\t<\/div>\n\t\t\t\t\t\t\t<\/div>\n\t\t<\/section>\n\t\t\t\t\t\t<\/div>\n\t\t\t\t\t<\/div>\n\t\t","protected":false},"excerpt":{"rendered":"<p>Events BCAM-UPV\/EHU Graduate School: Introduction To Geometric Analysis: The Atiyah-Singer Index Theorem Date and location: June 5th, 2017. BCAM-Basque Center for Applied Mathematics, Bilbao (Spain) Speakers:<span class=\"excerpt-hellip\"> [\u2026]<\/span><\/p>\n","protected":false},"author":1,"featured_media":0,"parent":0,"menu_order":0,"comment_status":"closed","ping_status":"closed","template":"","meta":[],"yoast_head":"<!-- This site is optimized with the Yoast SEO plugin v17.6 - https:\/\/yoast.com\/wordpress\/plugins\/seo\/ -->\n<title>Events - NMST<\/title>\n<meta name=\"robots\" content=\"index, follow, max-snippet:-1, max-image-preview:large, max-video-preview:-1\" \/>\n<link rel=\"canonical\" href=\"https:\/\/events.bcamath.org\/nmst\/speakers\/\" \/>\n<meta property=\"og:locale\" content=\"en_US\" \/>\n<meta property=\"og:type\" content=\"article\" \/>\n<meta property=\"og:title\" content=\"Events - NMST\" \/>\n<meta property=\"og:description\" content=\"Events BCAM-UPV\/EHU Graduate School: Introduction To Geometric Analysis: The Atiyah-Singer Index Theorem Date and location: June 5th, 2017. BCAM-Basque Center for Applied Mathematics, Bilbao (Spain) Speakers: [\u2026]\" \/>\n<meta property=\"og:url\" content=\"https:\/\/events.bcamath.org\/nmst\/speakers\/\" \/>\n<meta property=\"og:site_name\" content=\"NMST\" \/>\n<meta property=\"article:modified_time\" content=\"2023-01-04T12:28:09+00:00\" \/>\n<meta name=\"twitter:card\" content=\"summary_large_image\" \/>\n<meta name=\"twitter:label1\" content=\"Est. reading time\" \/>\n\t<meta name=\"twitter:data1\" content=\"1 minute\" \/>\n<script type=\"application\/ld+json\" class=\"yoast-schema-graph\">{\"@context\":\"https:\/\/schema.org\",\"@graph\":[{\"@type\":\"WebSite\",\"@id\":\"https:\/\/events.bcamath.org\/nmst\/#website\",\"url\":\"https:\/\/events.bcamath.org\/nmst\/\",\"name\":\"NMST\",\"description\":\"Just another events.bcamath.org Sites site\",\"potentialAction\":[{\"@type\":\"SearchAction\",\"target\":{\"@type\":\"EntryPoint\",\"urlTemplate\":\"https:\/\/events.bcamath.org\/nmst\/?s={search_term_string}\"},\"query-input\":\"required name=search_term_string\"}],\"inLanguage\":\"en-US\"},{\"@type\":\"WebPage\",\"@id\":\"https:\/\/events.bcamath.org\/nmst\/speakers\/#webpage\",\"url\":\"https:\/\/events.bcamath.org\/nmst\/speakers\/\",\"name\":\"Events - NMST\",\"isPartOf\":{\"@id\":\"https:\/\/events.bcamath.org\/nmst\/#website\"},\"datePublished\":\"2022-07-13T11:27:23+00:00\",\"dateModified\":\"2023-01-04T12:28:09+00:00\",\"breadcrumb\":{\"@id\":\"https:\/\/events.bcamath.org\/nmst\/speakers\/#breadcrumb\"},\"inLanguage\":\"en-US\",\"potentialAction\":[{\"@type\":\"ReadAction\",\"target\":[\"https:\/\/events.bcamath.org\/nmst\/speakers\/\"]}]},{\"@type\":\"BreadcrumbList\",\"@id\":\"https:\/\/events.bcamath.org\/nmst\/speakers\/#breadcrumb\",\"itemListElement\":[{\"@type\":\"ListItem\",\"position\":1,\"name\":\"Home\",\"item\":\"https:\/\/events.bcamath.org\/nmst\/\"},{\"@type\":\"ListItem\",\"position\":2,\"name\":\"Events\"}]}]}<\/script>\n<!-- \/ Yoast SEO plugin. -->","yoast_head_json":{"title":"Events - NMST","robots":{"index":"index","follow":"follow","max-snippet":"max-snippet:-1","max-image-preview":"max-image-preview:large","max-video-preview":"max-video-preview:-1"},"canonical":"https:\/\/events.bcamath.org\/nmst\/speakers\/","og_locale":"en_US","og_type":"article","og_title":"Events - NMST","og_description":"Events BCAM-UPV\/EHU Graduate School: Introduction To Geometric Analysis: The Atiyah-Singer Index Theorem Date and location: June 5th, 2017. BCAM-Basque Center for Applied Mathematics, Bilbao (Spain) Speakers: [\u2026]","og_url":"https:\/\/events.bcamath.org\/nmst\/speakers\/","og_site_name":"NMST","article_modified_time":"2023-01-04T12:28:09+00:00","twitter_card":"summary_large_image","twitter_misc":{"Est. reading time":"1 minute"},"schema":{"@context":"https:\/\/schema.org","@graph":[{"@type":"WebSite","@id":"https:\/\/events.bcamath.org\/nmst\/#website","url":"https:\/\/events.bcamath.org\/nmst\/","name":"NMST","description":"Just another events.bcamath.org Sites site","potentialAction":[{"@type":"SearchAction","target":{"@type":"EntryPoint","urlTemplate":"https:\/\/events.bcamath.org\/nmst\/?s={search_term_string}"},"query-input":"required name=search_term_string"}],"inLanguage":"en-US"},{"@type":"WebPage","@id":"https:\/\/events.bcamath.org\/nmst\/speakers\/#webpage","url":"https:\/\/events.bcamath.org\/nmst\/speakers\/","name":"Events - NMST","isPartOf":{"@id":"https:\/\/events.bcamath.org\/nmst\/#website"},"datePublished":"2022-07-13T11:27:23+00:00","dateModified":"2023-01-04T12:28:09+00:00","breadcrumb":{"@id":"https:\/\/events.bcamath.org\/nmst\/speakers\/#breadcrumb"},"inLanguage":"en-US","potentialAction":[{"@type":"ReadAction","target":["https:\/\/events.bcamath.org\/nmst\/speakers\/"]}]},{"@type":"BreadcrumbList","@id":"https:\/\/events.bcamath.org\/nmst\/speakers\/#breadcrumb","itemListElement":[{"@type":"ListItem","position":1,"name":"Home","item":"https:\/\/events.bcamath.org\/nmst\/"},{"@type":"ListItem","position":2,"name":"Events"}]}]}},"_links":{"self":[{"href":"https:\/\/events.bcamath.org\/nmst\/wp-json\/wp\/v2\/pages\/31"}],"collection":[{"href":"https:\/\/events.bcamath.org\/nmst\/wp-json\/wp\/v2\/pages"}],"about":[{"href":"https:\/\/events.bcamath.org\/nmst\/wp-json\/wp\/v2\/types\/page"}],"author":[{"embeddable":true,"href":"https:\/\/events.bcamath.org\/nmst\/wp-json\/wp\/v2\/users\/1"}],"replies":[{"embeddable":true,"href":"https:\/\/events.bcamath.org\/nmst\/wp-json\/wp\/v2\/comments?post=31"}],"version-history":[{"count":33,"href":"https:\/\/events.bcamath.org\/nmst\/wp-json\/wp\/v2\/pages\/31\/revisions"}],"predecessor-version":[{"id":137,"href":"https:\/\/events.bcamath.org\/nmst\/wp-json\/wp\/v2\/pages\/31\/revisions\/137"}],"wp:attachment":[{"href":"https:\/\/events.bcamath.org\/nmst\/wp-json\/wp\/v2\/media?parent=31"}],"curies":[{"name":"wp","href":"https:\/\/api.w.org\/{rel}","templated":true}]}}