{"id":85,"date":"2022-11-30T17:22:14","date_gmt":"2022-11-30T17:22:14","guid":{"rendered":"https:\/\/events.bcamath.org\/iwsm2021\/?page_id=85"},"modified":"2022-11-30T17:30:36","modified_gmt":"2022-11-30T17:30:36","slug":"iwsm-2020-scientific-committee","status":"publish","type":"page","link":"https:\/\/events.bcamath.org\/iwsm2021\/iwsm-2020-scientific-committee\/","title":{"rendered":"Scientific Committee"},"content":{"rendered":"\t\t<div data-elementor-type=\"wp-page\" data-elementor-id=\"85\" class=\"elementor elementor-85\" data-elementor-settings=\"[]\">\n\t\t\t\t\t\t\t<div class=\"elementor-section-wrap\">\n\t\t\t\t\t\t\t<section class=\"elementor-section elementor-top-section elementor-element elementor-element-2e7d790 elementor-section-boxed elementor-section-height-default elementor-section-height-default\" data-id=\"2e7d790\" data-element_type=\"section\">\n\t\t\t\t\t\t<div class=\"elementor-container elementor-column-gap-default\">\n\t\t\t\t\t<div class=\"elementor-column elementor-col-100 elementor-top-column elementor-element elementor-element-c8e8509\" data-id=\"c8e8509\" data-element_type=\"column\">\n\t\t\t<div class=\"elementor-widget-wrap elementor-element-populated\">\n\t\t\t\t\t\t\t\t<div class=\"elementor-element elementor-element-87ae43e elementor-widget elementor-widget-heading\" data-id=\"87ae43e\" data-element_type=\"widget\" data-widget_type=\"heading.default\">\n\t\t\t\t<div class=\"elementor-widget-container\">\n\t\t\t<h2 class=\"elementor-heading-title elementor-size-default\">Scientific Committee<\/h2>\t\t<\/div>\n\t\t\t\t<\/div>\n\t\t\t\t\t<\/div>\n\t\t<\/div>\n\t\t\t\t\t\t\t<\/div>\n\t\t<\/section>\n\t\t\t\t<section class=\"elementor-section elementor-top-section elementor-element elementor-element-2ce92fc elementor-section-boxed elementor-section-height-default elementor-section-height-default\" data-id=\"2ce92fc\" data-element_type=\"section\">\n\t\t\t\t\t\t<div class=\"elementor-container elementor-column-gap-default\">\n\t\t\t\t\t<div class=\"elementor-column elementor-col-100 elementor-top-column elementor-element elementor-element-545c45e\" data-id=\"545c45e\" data-element_type=\"column\">\n\t\t\t<div class=\"elementor-widget-wrap elementor-element-populated\">\n\t\t\t\t\t\t\t\t<div class=\"elementor-element elementor-element-4a5a34d elementor-widget elementor-widget-text-editor\" data-id=\"4a5a34d\" data-element_type=\"widget\" data-widget_type=\"text-editor.default\">\n\t\t\t\t<div class=\"elementor-widget-container\">\n\t\t\t\t\t\t\t<ul class=\"list_check\"><li>Carmen Armero, Universidad de Valencia (Spain).<\/li><li>Marcelo Bourguignon Pereira, Universidade Federal do Rio Grande do Norte (Natal, Brasil)<\/li><li>Jochen Einbeck, University of Durham (UK).<\/li><li>Christel Faes, University of Hasselt (Belgium).<\/li><li>Gillian Heller, Macquarie University (Australia).<\/li><li>Helmut K\u00fcchenhoff, Ludwig Maximilians University (Germany).<\/li><li>Joseph Lang, University of Iowa (USA).<\/li><li>Dae-Jin Lee, Basque Center for Applied Mathematics (Spain).<\/li><li>Lu\u00eds Filipe Meira Machado, Universidade do Minho (Portugal)<\/li><li>Claire Miller, University of Glasgow (UK)<\/li><li>Vicente N\u00fa\u00f1ez-Ant\u00f3n, University of the Basque Country UPV\/EHU (Spain)<\/li><li>Mar\u00eda Xos\u00e9 Rodr\u00edguez \u00c1lvarez, Basque Center for Applied Mathematics\/Ikerbasque &#8211; Basque Foundation for Science (Spain)<\/li><li>Laura M. Sangalli, Polit\u00e9cnico di Milano (Italy)<\/li><li>Sabine Schnabel, Wageningen University and Research (The Netherlands)<\/li><li>C\u00e9cile Proust-Lima, University of Bordeaux (France)<\/li><\/ul>\t\t\t\t\t\t<\/div>\n\t\t\t\t<\/div>\n\t\t\t\t\t<\/div>\n\t\t<\/div>\n\t\t\t\t\t\t\t<\/div>\n\t\t<\/section>\n\t\t\t\t\t\t<\/div>\n\t\t\t\t\t<\/div>\n\t\t","protected":false},"excerpt":{"rendered":"<p>Scientific Committee Carmen Armero, Universidad de Valencia (Spain). Marcelo Bourguignon Pereira, Universidade Federal do Rio Grande do Norte (Natal, Brasil) Jochen Einbeck, University of Durham (UK).<span class=\"excerpt-hellip\"> [\u2026]<\/span><\/p>\n","protected":false},"author":1,"featured_media":0,"parent":0,"menu_order":0,"comment_status":"closed","ping_status":"closed","template":"","meta":[],"yoast_head":"<!-- This site is optimized with the Yoast SEO plugin v17.6 - https:\/\/yoast.com\/wordpress\/plugins\/seo\/ -->\n<title>Scientific Committee - IWSM 2021<\/title>\n<meta name=\"robots\" content=\"index, follow, max-snippet:-1, max-image-preview:large, max-video-preview:-1\" \/>\n<link rel=\"canonical\" href=\"https:\/\/events.bcamath.org\/iwsm2021\/iwsm-2020-scientific-committee\/\" \/>\n<meta property=\"og:locale\" content=\"en_US\" \/>\n<meta property=\"og:type\" content=\"article\" \/>\n<meta property=\"og:title\" content=\"Scientific Committee - IWSM 2021\" \/>\n<meta property=\"og:description\" content=\"Scientific Committee Carmen Armero, Universidad de Valencia (Spain). Marcelo Bourguignon Pereira, Universidade Federal do Rio Grande do Norte (Natal, Brasil) Jochen Einbeck, University of Durham (UK). [\u2026]\" \/>\n<meta property=\"og:url\" content=\"https:\/\/events.bcamath.org\/iwsm2021\/iwsm-2020-scientific-committee\/\" \/>\n<meta property=\"og:site_name\" content=\"IWSM 2021\" \/>\n<meta property=\"article:modified_time\" content=\"2022-11-30T17:30:36+00:00\" \/>\n<meta name=\"twitter:card\" content=\"summary_large_image\" \/>\n<meta name=\"twitter:label1\" content=\"Est. reading time\" \/>\n\t<meta name=\"twitter:data1\" content=\"1 minute\" \/>\n<script type=\"application\/ld+json\" class=\"yoast-schema-graph\">{\"@context\":\"https:\/\/schema.org\",\"@graph\":[{\"@type\":\"WebSite\",\"@id\":\"https:\/\/events.bcamath.org\/iwsm2021\/#website\",\"url\":\"https:\/\/events.bcamath.org\/iwsm2021\/\",\"name\":\"IWSM 2021\",\"description\":\"Just another events.bcamath.org Sites site\",\"potentialAction\":[{\"@type\":\"SearchAction\",\"target\":{\"@type\":\"EntryPoint\",\"urlTemplate\":\"https:\/\/events.bcamath.org\/iwsm2021\/?s={search_term_string}\"},\"query-input\":\"required name=search_term_string\"}],\"inLanguage\":\"en-US\"},{\"@type\":\"WebPage\",\"@id\":\"https:\/\/events.bcamath.org\/iwsm2021\/iwsm-2020-scientific-committee\/#webpage\",\"url\":\"https:\/\/events.bcamath.org\/iwsm2021\/iwsm-2020-scientific-committee\/\",\"name\":\"Scientific Committee - IWSM 2021\",\"isPartOf\":{\"@id\":\"https:\/\/events.bcamath.org\/iwsm2021\/#website\"},\"datePublished\":\"2022-11-30T17:22:14+00:00\",\"dateModified\":\"2022-11-30T17:30:36+00:00\",\"breadcrumb\":{\"@id\":\"https:\/\/events.bcamath.org\/iwsm2021\/iwsm-2020-scientific-committee\/#breadcrumb\"},\"inLanguage\":\"en-US\",\"potentialAction\":[{\"@type\":\"ReadAction\",\"target\":[\"https:\/\/events.bcamath.org\/iwsm2021\/iwsm-2020-scientific-committee\/\"]}]},{\"@type\":\"BreadcrumbList\",\"@id\":\"https:\/\/events.bcamath.org\/iwsm2021\/iwsm-2020-scientific-committee\/#breadcrumb\",\"itemListElement\":[{\"@type\":\"ListItem\",\"position\":1,\"name\":\"Home\",\"item\":\"https:\/\/events.bcamath.org\/iwsm2021\/\"},{\"@type\":\"ListItem\",\"position\":2,\"name\":\"Scientific Committee\"}]}]}<\/script>\n<!-- \/ Yoast SEO plugin. -->","yoast_head_json":{"title":"Scientific Committee - IWSM 2021","robots":{"index":"index","follow":"follow","max-snippet":"max-snippet:-1","max-image-preview":"max-image-preview:large","max-video-preview":"max-video-preview:-1"},"canonical":"https:\/\/events.bcamath.org\/iwsm2021\/iwsm-2020-scientific-committee\/","og_locale":"en_US","og_type":"article","og_title":"Scientific Committee - IWSM 2021","og_description":"Scientific Committee Carmen Armero, Universidad de Valencia (Spain). Marcelo Bourguignon Pereira, Universidade Federal do Rio Grande do Norte (Natal, Brasil) Jochen Einbeck, University of Durham (UK). [\u2026]","og_url":"https:\/\/events.bcamath.org\/iwsm2021\/iwsm-2020-scientific-committee\/","og_site_name":"IWSM 2021","article_modified_time":"2022-11-30T17:30:36+00:00","twitter_card":"summary_large_image","twitter_misc":{"Est. reading time":"1 minute"},"schema":{"@context":"https:\/\/schema.org","@graph":[{"@type":"WebSite","@id":"https:\/\/events.bcamath.org\/iwsm2021\/#website","url":"https:\/\/events.bcamath.org\/iwsm2021\/","name":"IWSM 2021","description":"Just another events.bcamath.org Sites site","potentialAction":[{"@type":"SearchAction","target":{"@type":"EntryPoint","urlTemplate":"https:\/\/events.bcamath.org\/iwsm2021\/?s={search_term_string}"},"query-input":"required name=search_term_string"}],"inLanguage":"en-US"},{"@type":"WebPage","@id":"https:\/\/events.bcamath.org\/iwsm2021\/iwsm-2020-scientific-committee\/#webpage","url":"https:\/\/events.bcamath.org\/iwsm2021\/iwsm-2020-scientific-committee\/","name":"Scientific Committee - IWSM 2021","isPartOf":{"@id":"https:\/\/events.bcamath.org\/iwsm2021\/#website"},"datePublished":"2022-11-30T17:22:14+00:00","dateModified":"2022-11-30T17:30:36+00:00","breadcrumb":{"@id":"https:\/\/events.bcamath.org\/iwsm2021\/iwsm-2020-scientific-committee\/#breadcrumb"},"inLanguage":"en-US","potentialAction":[{"@type":"ReadAction","target":["https:\/\/events.bcamath.org\/iwsm2021\/iwsm-2020-scientific-committee\/"]}]},{"@type":"BreadcrumbList","@id":"https:\/\/events.bcamath.org\/iwsm2021\/iwsm-2020-scientific-committee\/#breadcrumb","itemListElement":[{"@type":"ListItem","position":1,"name":"Home","item":"https:\/\/events.bcamath.org\/iwsm2021\/"},{"@type":"ListItem","position":2,"name":"Scientific Committee"}]}]}},"_links":{"self":[{"href":"https:\/\/events.bcamath.org\/iwsm2021\/wp-json\/wp\/v2\/pages\/85"}],"collection":[{"href":"https:\/\/events.bcamath.org\/iwsm2021\/wp-json\/wp\/v2\/pages"}],"about":[{"href":"https:\/\/events.bcamath.org\/iwsm2021\/wp-json\/wp\/v2\/types\/page"}],"author":[{"embeddable":true,"href":"https:\/\/events.bcamath.org\/iwsm2021\/wp-json\/wp\/v2\/users\/1"}],"replies":[{"embeddable":true,"href":"https:\/\/events.bcamath.org\/iwsm2021\/wp-json\/wp\/v2\/comments?post=85"}],"version-history":[{"count":11,"href":"https:\/\/events.bcamath.org\/iwsm2021\/wp-json\/wp\/v2\/pages\/85\/revisions"}],"predecessor-version":[{"id":118,"href":"https:\/\/events.bcamath.org\/iwsm2021\/wp-json\/wp\/v2\/pages\/85\/revisions\/118"}],"wp:attachment":[{"href":"https:\/\/events.bcamath.org\/iwsm2021\/wp-json\/wp\/v2\/media?parent=85"}],"curies":[{"name":"wp","href":"https:\/\/api.w.org\/{rel}","templated":true}]}}