{"id":45,"date":"2022-07-13T11:33:31","date_gmt":"2022-07-13T11:33:31","guid":{"rendered":"https:\/\/events.bcamath.org\/iwsm2021\/?page_id=45"},"modified":"2023-01-05T09:11:55","modified_gmt":"2023-01-05T09:11:55","slug":"agenda","status":"publish","type":"page","link":"https:\/\/events.bcamath.org\/iwsm2021\/agenda\/","title":{"rendered":"Organizers"},"content":{"rendered":"\t\t<div data-elementor-type=\"wp-page\" data-elementor-id=\"45\" class=\"elementor elementor-45\" data-elementor-settings=\"[]\">\n\t\t\t\t\t\t\t<div class=\"elementor-section-wrap\">\n\t\t\t\t\t\t\t<section class=\"elementor-section elementor-top-section elementor-element elementor-element-7081c1a elementor-section-boxed elementor-section-height-default elementor-section-height-default\" data-id=\"7081c1a\" data-element_type=\"section\">\n\t\t\t\t\t\t<div class=\"elementor-container elementor-column-gap-default\">\n\t\t\t\t\t<div class=\"elementor-column elementor-col-100 elementor-top-column elementor-element elementor-element-de4c4b5\" data-id=\"de4c4b5\" data-element_type=\"column\">\n\t\t\t<div class=\"elementor-widget-wrap elementor-element-populated\">\n\t\t\t\t\t\t\t\t<div class=\"elementor-element elementor-element-6d0b4b3 elementor-widget elementor-widget-heading\" data-id=\"6d0b4b3\" data-element_type=\"widget\" data-widget_type=\"heading.default\">\n\t\t\t\t<div class=\"elementor-widget-container\">\n\t\t\t<h2 class=\"elementor-heading-title elementor-size-default\">Organizers<\/h2>\t\t<\/div>\n\t\t\t\t<\/div>\n\t\t\t\t\t<\/div>\n\t\t<\/div>\n\t\t\t\t\t\t\t<\/div>\n\t\t<\/section>\n\t\t\t\t<section class=\"elementor-section elementor-top-section elementor-element elementor-element-d73eefe elementor-section-boxed elementor-section-height-default elementor-section-height-default\" data-id=\"d73eefe\" data-element_type=\"section\">\n\t\t\t\t\t\t<div class=\"elementor-container elementor-column-gap-default\">\n\t\t\t\t\t<div class=\"elementor-column elementor-col-100 elementor-top-column elementor-element elementor-element-db1d434\" data-id=\"db1d434\" data-element_type=\"column\">\n\t\t\t<div class=\"elementor-widget-wrap elementor-element-populated\">\n\t\t\t\t\t\t\t\t\t<\/div>\n\t\t<\/div>\n\t\t\t\t\t\t\t<\/div>\n\t\t<\/section>\n\t\t\t\t<section class=\"elementor-section elementor-top-section elementor-element elementor-element-bc23cbc elementor-section-boxed elementor-section-height-default elementor-section-height-default\" data-id=\"bc23cbc\" data-element_type=\"section\">\n\t\t\t\t\t\t<div class=\"elementor-container elementor-column-gap-default\">\n\t\t\t\t\t<div class=\"elementor-column elementor-col-100 elementor-top-column elementor-element elementor-element-aff057a\" data-id=\"aff057a\" data-element_type=\"column\">\n\t\t\t<div class=\"elementor-widget-wrap elementor-element-populated\">\n\t\t\t\t\t\t\t\t<div class=\"elementor-element elementor-element-0d747ea elementor-widget elementor-widget-text-editor\" data-id=\"0d747ea\" data-element_type=\"widget\" data-widget_type=\"text-editor.default\">\n\t\t\t\t<div class=\"elementor-widget-container\">\n\t\t\t\t\t\t\t<div class=\"column mcb-column mcb-item-3f52bd948 one column_column\"><div class=\"column_attr clearfix\"><h3><span style=\"color: #3498db;\"><b>Co-chairs:<\/b><\/span><\/h3><ul class=\"list_check\"><li>Dae-Jin Lee, Organizing Committee (BCAM).<\/li><li>Mar\u00eda Xos\u00e9 Rodr\u00edguez-\u00c1lvarez, Scientific Committee (BCAM &#8211; Ikerbasque).<\/li><\/ul><\/div><\/div><div class=\"column mcb-column mcb-item-7c3425fe6 one column_column\"><div class=\"column_attr clearfix\"><h3><span style=\"color: #3498db;\"><b>Local Organizing Committee:<\/b><\/span><\/h3><ul class=\"list_check\"><li>Inmaculada Arostegui (BCAM-UPV\/EHU).<\/li><li>Irantzu Barrio (UPV\/EHU).<\/li><li>Itziar Irigoien (UPV\/EHU).<\/li><li>Dae-Jin Lee (BCAM).<\/li><li>Joaqu\u00edn Mart\u00ednez-Minaya (BCAM).<\/li><li>Jes\u00fas Orbe (UPV\/EHU).<\/li><li>Mar\u00eda Xos\u00e9 Rodr\u00edguez-\u00c1lvarez (BCAM &#8211; Ikerbasque).<\/li><li>Jorge Virto (UPV\/EHU).<\/li><\/ul><\/div><\/div>\t\t\t\t\t\t<\/div>\n\t\t\t\t<\/div>\n\t\t\t\t\t<\/div>\n\t\t<\/div>\n\t\t\t\t\t\t\t<\/div>\n\t\t<\/section>\n\t\t\t\t\t\t<\/div>\n\t\t\t\t\t<\/div>\n\t\t","protected":false},"excerpt":{"rendered":"<p>Organizers Co-chairs: Dae-Jin Lee, Organizing Committee (BCAM). Mar\u00eda Xos\u00e9 Rodr\u00edguez-\u00c1lvarez, Scientific Committee (BCAM &#8211; Ikerbasque). Local Organizing Committee: Inmaculada Arostegui (BCAM-UPV\/EHU). Irantzu Barrio (UPV\/EHU). Itziar Irigoien<span class=\"excerpt-hellip\"> [\u2026]<\/span><\/p>\n","protected":false},"author":1,"featured_media":0,"parent":0,"menu_order":0,"comment_status":"closed","ping_status":"closed","template":"","meta":[],"yoast_head":"<!-- This site is optimized with the Yoast SEO plugin v17.6 - https:\/\/yoast.com\/wordpress\/plugins\/seo\/ -->\n<title>Organizers - IWSM 2021<\/title>\n<meta name=\"robots\" content=\"index, follow, max-snippet:-1, max-image-preview:large, max-video-preview:-1\" \/>\n<link rel=\"canonical\" href=\"https:\/\/events.bcamath.org\/iwsm2021\/agenda\/\" \/>\n<meta property=\"og:locale\" content=\"en_US\" \/>\n<meta property=\"og:type\" content=\"article\" \/>\n<meta property=\"og:title\" content=\"Organizers - IWSM 2021\" \/>\n<meta property=\"og:description\" content=\"Organizers Co-chairs: Dae-Jin Lee, Organizing Committee (BCAM). Mar\u00eda Xos\u00e9 Rodr\u00edguez-\u00c1lvarez, Scientific Committee (BCAM &#8211; Ikerbasque). Local Organizing Committee: Inmaculada Arostegui (BCAM-UPV\/EHU). Irantzu Barrio (UPV\/EHU). Itziar Irigoien [\u2026]\" \/>\n<meta property=\"og:url\" content=\"https:\/\/events.bcamath.org\/iwsm2021\/agenda\/\" \/>\n<meta property=\"og:site_name\" content=\"IWSM 2021\" \/>\n<meta property=\"article:modified_time\" content=\"2023-01-05T09:11:55+00:00\" \/>\n<meta name=\"twitter:card\" content=\"summary_large_image\" \/>\n<meta name=\"twitter:label1\" content=\"Est. reading time\" \/>\n\t<meta name=\"twitter:data1\" content=\"1 minute\" \/>\n<script type=\"application\/ld+json\" class=\"yoast-schema-graph\">{\"@context\":\"https:\/\/schema.org\",\"@graph\":[{\"@type\":\"WebSite\",\"@id\":\"https:\/\/events.bcamath.org\/iwsm2021\/#website\",\"url\":\"https:\/\/events.bcamath.org\/iwsm2021\/\",\"name\":\"IWSM 2021\",\"description\":\"Just another events.bcamath.org Sites site\",\"potentialAction\":[{\"@type\":\"SearchAction\",\"target\":{\"@type\":\"EntryPoint\",\"urlTemplate\":\"https:\/\/events.bcamath.org\/iwsm2021\/?s={search_term_string}\"},\"query-input\":\"required name=search_term_string\"}],\"inLanguage\":\"en-US\"},{\"@type\":\"WebPage\",\"@id\":\"https:\/\/events.bcamath.org\/iwsm2021\/agenda\/#webpage\",\"url\":\"https:\/\/events.bcamath.org\/iwsm2021\/agenda\/\",\"name\":\"Organizers - IWSM 2021\",\"isPartOf\":{\"@id\":\"https:\/\/events.bcamath.org\/iwsm2021\/#website\"},\"datePublished\":\"2022-07-13T11:33:31+00:00\",\"dateModified\":\"2023-01-05T09:11:55+00:00\",\"breadcrumb\":{\"@id\":\"https:\/\/events.bcamath.org\/iwsm2021\/agenda\/#breadcrumb\"},\"inLanguage\":\"en-US\",\"potentialAction\":[{\"@type\":\"ReadAction\",\"target\":[\"https:\/\/events.bcamath.org\/iwsm2021\/agenda\/\"]}]},{\"@type\":\"BreadcrumbList\",\"@id\":\"https:\/\/events.bcamath.org\/iwsm2021\/agenda\/#breadcrumb\",\"itemListElement\":[{\"@type\":\"ListItem\",\"position\":1,\"name\":\"Home\",\"item\":\"https:\/\/events.bcamath.org\/iwsm2021\/\"},{\"@type\":\"ListItem\",\"position\":2,\"name\":\"Organizers\"}]}]}<\/script>\n<!-- \/ Yoast SEO plugin. -->","yoast_head_json":{"title":"Organizers - IWSM 2021","robots":{"index":"index","follow":"follow","max-snippet":"max-snippet:-1","max-image-preview":"max-image-preview:large","max-video-preview":"max-video-preview:-1"},"canonical":"https:\/\/events.bcamath.org\/iwsm2021\/agenda\/","og_locale":"en_US","og_type":"article","og_title":"Organizers - IWSM 2021","og_description":"Organizers Co-chairs: Dae-Jin Lee, Organizing Committee (BCAM). Mar\u00eda Xos\u00e9 Rodr\u00edguez-\u00c1lvarez, Scientific Committee (BCAM &#8211; Ikerbasque). Local Organizing Committee: Inmaculada Arostegui (BCAM-UPV\/EHU). Irantzu Barrio (UPV\/EHU). Itziar Irigoien [\u2026]","og_url":"https:\/\/events.bcamath.org\/iwsm2021\/agenda\/","og_site_name":"IWSM 2021","article_modified_time":"2023-01-05T09:11:55+00:00","twitter_card":"summary_large_image","twitter_misc":{"Est. reading time":"1 minute"},"schema":{"@context":"https:\/\/schema.org","@graph":[{"@type":"WebSite","@id":"https:\/\/events.bcamath.org\/iwsm2021\/#website","url":"https:\/\/events.bcamath.org\/iwsm2021\/","name":"IWSM 2021","description":"Just another events.bcamath.org Sites site","potentialAction":[{"@type":"SearchAction","target":{"@type":"EntryPoint","urlTemplate":"https:\/\/events.bcamath.org\/iwsm2021\/?s={search_term_string}"},"query-input":"required name=search_term_string"}],"inLanguage":"en-US"},{"@type":"WebPage","@id":"https:\/\/events.bcamath.org\/iwsm2021\/agenda\/#webpage","url":"https:\/\/events.bcamath.org\/iwsm2021\/agenda\/","name":"Organizers - IWSM 2021","isPartOf":{"@id":"https:\/\/events.bcamath.org\/iwsm2021\/#website"},"datePublished":"2022-07-13T11:33:31+00:00","dateModified":"2023-01-05T09:11:55+00:00","breadcrumb":{"@id":"https:\/\/events.bcamath.org\/iwsm2021\/agenda\/#breadcrumb"},"inLanguage":"en-US","potentialAction":[{"@type":"ReadAction","target":["https:\/\/events.bcamath.org\/iwsm2021\/agenda\/"]}]},{"@type":"BreadcrumbList","@id":"https:\/\/events.bcamath.org\/iwsm2021\/agenda\/#breadcrumb","itemListElement":[{"@type":"ListItem","position":1,"name":"Home","item":"https:\/\/events.bcamath.org\/iwsm2021\/"},{"@type":"ListItem","position":2,"name":"Organizers"}]}]}},"_links":{"self":[{"href":"https:\/\/events.bcamath.org\/iwsm2021\/wp-json\/wp\/v2\/pages\/45"}],"collection":[{"href":"https:\/\/events.bcamath.org\/iwsm2021\/wp-json\/wp\/v2\/pages"}],"about":[{"href":"https:\/\/events.bcamath.org\/iwsm2021\/wp-json\/wp\/v2\/types\/page"}],"author":[{"embeddable":true,"href":"https:\/\/events.bcamath.org\/iwsm2021\/wp-json\/wp\/v2\/users\/1"}],"replies":[{"embeddable":true,"href":"https:\/\/events.bcamath.org\/iwsm2021\/wp-json\/wp\/v2\/comments?post=45"}],"version-history":[{"count":20,"href":"https:\/\/events.bcamath.org\/iwsm2021\/wp-json\/wp\/v2\/pages\/45\/revisions"}],"predecessor-version":[{"id":164,"href":"https:\/\/events.bcamath.org\/iwsm2021\/wp-json\/wp\/v2\/pages\/45\/revisions\/164"}],"wp:attachment":[{"href":"https:\/\/events.bcamath.org\/iwsm2021\/wp-json\/wp\/v2\/media?parent=45"}],"curies":[{"name":"wp","href":"https:\/\/api.w.org\/{rel}","templated":true}]}}